{"id":354,"date":"2023-02-26T19:34:08","date_gmt":"2023-02-26T19:34:08","guid":{"rendered":"http:\/\/buddharashmi.org\/?page_id=354"},"modified":"2023-02-26T20:24:53","modified_gmt":"2023-02-26T20:24:53","slug":"contents","status":"publish","type":"page","link":"https:\/\/buddharashmi.org\/?page_id=354","title":{"rendered":"Contents"},"content":{"rendered":"\t\t<div data-elementor-type=\"wp-page\" data-elementor-id=\"354\" class=\"elementor elementor-354\">\n\t\t\t\t\t\t<section class=\"elementor-section elementor-top-section elementor-element elementor-element-79ca59eb elementor-section-boxed elementor-section-height-default elementor-section-height-default\" data-id=\"79ca59eb\" data-element_type=\"section\" data-e-type=\"section\">\n\t\t\t\t\t\t<div class=\"elementor-container elementor-column-gap-default\">\n\t\t\t\t\t<div class=\"elementor-column elementor-col-50 elementor-top-column elementor-element elementor-element-299b826\" data-id=\"299b826\" data-element_type=\"column\" data-e-type=\"column\">\n\t\t\t<div class=\"elementor-widget-wrap elementor-element-populated\">\n\t\t\t\t\t\t<div class=\"elementor-element elementor-element-6dbf960c elementor-widget elementor-widget-heading\" data-id=\"6dbf960c\" data-element_type=\"widget\" data-e-type=\"widget\" data-widget_type=\"heading.default\">\n\t\t\t\t<div class=\"elementor-widget-container\">\n\t\t\t\t\t<h2 class=\"elementor-heading-title elementor-size-default\">Buddhist Abhidhamma<\/h2>\t\t\t\t<\/div>\n\t\t\t\t<\/div>\n\t\t\t\t<div class=\"elementor-element elementor-element-39f38938 elementor-icon-list--layout-traditional elementor-list-item-link-full_width elementor-widget elementor-widget-icon-list\" data-id=\"39f38938\" data-element_type=\"widget\" data-e-type=\"widget\" data-widget_type=\"icon-list.default\">\n\t\t\t\t<div class=\"elementor-widget-container\">\n\t\t\t\t\t\t\t<ul class=\"elementor-icon-list-items\">\n\t\t\t\t\t\t\t<li class=\"elementor-icon-list-item\">\n\t\t\t\t\t\t\t\t\t\t\t<a href=\"https:\/\/buddharashmi.org\/?page_id=354\">\n\n\t\t\t\t\t\t\t\t\t\t\t<span class=\"elementor-icon-list-text\">Contents<\/span>\n\t\t\t\t\t\t\t\t\t\t\t<\/a>\n\t\t\t\t\t\t\t\t\t<\/li>\n\t\t\t\t\t\t\t\t<li class=\"elementor-icon-list-item\">\n\t\t\t\t\t\t\t\t\t\t\t<a href=\"https:\/\/buddharashmi.org\/?page_id=364\">\n\n\t\t\t\t\t\t\t\t\t\t\t<span class=\"elementor-icon-list-text\">Abhidhamma, introduction<\/span>\n\t\t\t\t\t\t\t\t\t\t\t<\/a>\n\t\t\t\t\t\t\t\t\t<\/li>\n\t\t\t\t\t\t\t\t<li class=\"elementor-icon-list-item\">\n\t\t\t\t\t\t\t\t\t\t\t<a href=\"https:\/\/buddharashmi.org\/?page_id=377\">\n\n\t\t\t\t\t\t\t\t\t\t\t<span class=\"elementor-icon-list-text\">Meditation<\/span>\n\t\t\t\t\t\t\t\t\t\t\t<\/a>\n\t\t\t\t\t\t\t\t\t<\/li>\n\t\t\t\t\t\t\t\t<li class=\"elementor-icon-list-item\">\n\t\t\t\t\t\t\t\t\t\t\t<a href=\"https:\/\/buddharashmi.org\/?page_id=383\">\n\n\t\t\t\t\t\t\t\t\t\t\t<span class=\"elementor-icon-list-text\">Concentration<\/span>\n\t\t\t\t\t\t\t\t\t\t\t<\/a>\n\t\t\t\t\t\t\t\t\t<\/li>\n\t\t\t\t\t\t\t\t<li class=\"elementor-icon-list-item\">\n\t\t\t\t\t\t\t\t\t\t\t<a href=\"https:\/\/buddharashmi.org\/?page_id=393\">\n\n\t\t\t\t\t\t\t\t\t\t\t<span class=\"elementor-icon-list-text\">Miscellaneous Papers<\/span>\n\t\t\t\t\t\t\t\t\t\t\t<\/a>\n\t\t\t\t\t\t\t\t\t<\/li>\n\t\t\t\t\t\t<\/ul>\n\t\t\t\t\t\t<\/div>\n\t\t\t\t<\/div>\n\t\t\t\t<div class=\"elementor-element elementor-element-4823920c elementor-widget elementor-widget-image\" data-id=\"4823920c\" data-element_type=\"widget\" data-e-type=\"widget\" data-widget_type=\"image.default\">\n\t\t\t\t<div class=\"elementor-widget-container\">\n\t\t\t\t\t\t\t\t\t\t\t\t\t\t\t<img fetchpriority=\"high\" decoding=\"async\" width=\"222\" height=\"300\" src=\"https:\/\/i0.wp.com\/buddharashmi.org\/wp-content\/uploads\/2023\/02\/Greco_Buddha_Face_250X338.jpg?fit=222%2C300&amp;ssl=1\" class=\"attachment-medium size-medium wp-image-360\" alt=\"\" srcset=\"https:\/\/i0.wp.com\/buddharashmi.org\/wp-content\/uploads\/2023\/02\/Greco_Buddha_Face_250X338.jpg?w=250&amp;ssl=1 250w, https:\/\/i0.wp.com\/buddharashmi.org\/wp-content\/uploads\/2023\/02\/Greco_Buddha_Face_250X338.jpg?resize=222%2C300&amp;ssl=1 222w\" sizes=\"(max-width: 222px) 100vw, 222px\" \/>\t\t\t\t\t\t\t\t\t\t\t\t\t\t\t<\/div>\n\t\t\t\t<\/div>\n\t\t\t\t\t<\/div>\n\t\t<\/div>\n\t\t\t\t<div class=\"elementor-column elementor-col-50 elementor-top-column elementor-element elementor-element-67b9349c\" data-id=\"67b9349c\" data-element_type=\"column\" data-e-type=\"column\">\n\t\t\t<div class=\"elementor-widget-wrap elementor-element-populated\">\n\t\t\t\t\t\t<div class=\"elementor-element elementor-element-2fffa766 elementor-widget elementor-widget-heading\" data-id=\"2fffa766\" data-element_type=\"widget\" data-e-type=\"widget\" data-widget_type=\"heading.default\">\n\t\t\t\t<div class=\"elementor-widget-container\">\n\t\t\t\t\t<h2 class=\"elementor-heading-title elementor-size-default\">Introducing Buddhist Abhidhamma Meditation and Concentration<\/h2>\t\t\t\t<\/div>\n\t\t\t\t<\/div>\n\t\t\t\t<div class=\"elementor-element elementor-element-3fd81d8 elementor-widget elementor-widget-text-editor\" data-id=\"3fd81d8\" data-element_type=\"widget\" data-e-type=\"widget\" data-widget_type=\"text-editor.default\">\n\t\t\t\t<div class=\"elementor-widget-container\">\n\t\t\t\t\t\t\t\t\t<form id=\"Form\" action=\"\/buddharashmi\/Publications\/Introducing-Buddhist-Abhidhamma\" enctype=\"multipart\/form-data\" method=\"post\">\n<div id=\"Container\">\n<div id=\"MainWrapper\">\n<div id=\"MainBody\">\n<div class=\"Mpage\">\n<div class=\"row LeftSideBg\">\n<div class=\"col-md-9\">\n<div class=\"row\">\n<div id=\"dnn_ContentPane\" class=\"col-md-12 ContentPane\">\n<div class=\"DnnModule DnnModule-DNN_HTML DnnModule-557\">\n<div class=\"Container\">\n<div class=\"CntPadding H3ContentContainer\">\n<div id=\"dnn_ctr557_ContentPane\">\n<div id=\"dnn_ctr557_ModuleContent\" class=\"DNNModuleContent ModDNNHTMLC\">\n<div id=\"dnn_ctr557_HtmlModule_lblContent\" class=\"Normal\">\n<p><strong>Summary<br \/><\/strong> Abhidhamma is the 3rd and last part of the Buddhist P\u0101li Canon. This book is meant as an introduction to the various concepts presented in the seven books of the Abhidhamma.<\/p>\n<p><strong>Contents of this online book<\/strong><br \/>The full text of the Introducing Buddhist Abhidhamma in English is available here and publically accesible (free to read online). Of course, it is recommend buying the book so you get the latest edition.<\/p>\n<p><strong>Read pages on<\/strong><br \/>INTRODUCING BUDDHIST ABHIDHAMMA, BOOK I, Part 1 &#8211; Abhidhamma, introduction<br \/>INTRODUCING BUDDHIST ABHIDHAMMA, BOOK I, PART 2 &#8211; Meditation<br \/>INTRODUCING BUDDHIST ABHIDHAMMA, BOOK II &#8211; Concentration<br \/>INTRODUCING BUDDHIST ABHIDHAMMA, BOOK III &#8211; Miscellaneous Papers<br \/><br \/><strong>Dedication<br \/><\/strong>This book is gratefully dedicated to my two Teachers,\u00a0<br \/>The Revd. U Nagasena, who was formerly Saya U Ba Gyaw,U Thein Nyun who assisted U Narada (Mula Patthana Say\u0101daw) in the translation of Dh\u0101tu Kath\u0101 (Discourse on Elements), and Patthana (Conditional Relations), being the third and seventh Treatises of the Abhidhamma. He is the Author of many articles on Buddhism, such as, \u2019Approach to Practical Buddhism\u2019, \u2019The 4 Noble Truths\u2019, \u2019Mind the Mind\u2019.<\/p>\n<p>Original was printed and published March 1979<br \/>by U Myint Maung, Assistant Director,<br \/>Regd: No ( 02405\/02527 ), at Religious Affairs Dept. Press,<br \/>Yegu, Kab\u0101-Aye P.O., Rangoon, BURMA.<br \/>Digitalised July 1993 by Wolfgang Greger, Chiang Mai, Thailand<\/p>\n<\/div>\n<\/div>\n<\/div>\n<\/div>\n<\/div>\n<\/div>\n<\/div>\n<\/div>\n<\/div>\n<\/div>\n<\/div>\n<\/div>\n<\/div>\n<\/div>\n<\/form>\t\t\t\t\t\t\t\t<\/div>\n\t\t\t\t<\/div>\n\t\t\t\t\t<\/div>\n\t\t<\/div>\n\t\t\t\t\t<\/div>\n\t\t<\/section>\n\t\t\t\t<\/div>\n\t\t","protected":false},"excerpt":{"rendered":"<p>Buddhist Abhidhamma Contents Abhidhamma, introduction Meditation Concentration Miscellaneous Papers Introducing Buddhist Abhidhamma Meditation and Concentration Summary Abhidhamma is the 3rd and last part of the Buddhist P\u0101li Canon. This book is meant as an introduction to the various concepts presented in the seven books of the Abhidhamma. Contents of this online bookThe full text of [&hellip;]<\/p>\n","protected":false},"author":1,"featured_media":0,"parent":0,"menu_order":0,"comment_status":"closed","ping_status":"closed","template":"elementor_header_footer","meta":{"nf_dc_page":"","_monsterinsights_skip_tracking":false,"_monsterinsights_sitenote_active":false,"_monsterinsights_sitenote_note":"","_monsterinsights_sitenote_category":0,"site-sidebar-layout":"no-sidebar","site-content-layout":"page-builder","ast-site-content-layout":"default","site-content-style":"default","site-sidebar-style":"default","ast-global-header-display":"","ast-banner-title-visibility":"","ast-main-header-display":"","ast-hfb-above-header-display":"","ast-hfb-below-header-display":"","ast-hfb-mobile-header-display":"","site-post-title":"disabled","ast-breadcrumbs-content":"","ast-featured-img":"disabled","footer-sml-layout":"","ast-disable-related-posts":"","theme-transparent-header-meta":"","adv-header-id-meta":"","stick-header-meta":"","header-above-stick-meta":"","header-main-stick-meta":"","header-below-stick-meta":"","astra-migrate-meta-layouts":"default","ast-page-background-enabled":"default","ast-page-background-meta":{"desktop":{"background-color":"var(--ast-global-color-4)","background-image":"","background-repeat":"repeat","background-position":"center center","background-size":"auto","background-attachment":"scroll","background-type":"","background-media":"","overlay-type":"","overlay-color":"","overlay-opacity":"","overlay-gradient":""},"tablet":{"background-color":"","background-image":"","background-repeat":"repeat","background-position":"center center","background-size":"auto","background-attachment":"scroll","background-type":"","background-media":"","overlay-type":"","overlay-color":"","overlay-opacity":"","overlay-gradient":""},"mobile":{"background-color":"","background-image":"","background-repeat":"repeat","background-position":"center center","background-size":"auto","background-attachment":"scroll","background-type":"","background-media":"","overlay-type":"","overlay-color":"","overlay-opacity":"","overlay-gradient":""}},"ast-content-background-meta":{"desktop":{"background-color":"var(--ast-global-color-5)","background-image":"","background-repeat":"repeat","background-position":"center center","background-size":"auto","background-attachment":"scroll","background-type":"","background-media":"","overlay-type":"","overlay-color":"","overlay-opacity":"","overlay-gradient":""},"tablet":{"background-color":"var(--ast-global-color-5)","background-image":"","background-repeat":"repeat","background-position":"center center","background-size":"auto","background-attachment":"scroll","background-type":"","background-media":"","overlay-type":"","overlay-color":"","overlay-opacity":"","overlay-gradient":""},"mobile":{"background-color":"var(--ast-global-color-5)","background-image":"","background-repeat":"repeat","background-position":"center center","background-size":"auto","background-attachment":"scroll","background-type":"","background-media":"","overlay-type":"","overlay-color":"","overlay-opacity":"","overlay-gradient":""}},"footnotes":""},"class_list":["post-354","page","type-page","status-publish","hentry"],"_links":{"self":[{"href":"https:\/\/buddharashmi.org\/index.php?rest_route=\/wp\/v2\/pages\/354","targetHints":{"allow":["GET"]}}],"collection":[{"href":"https:\/\/buddharashmi.org\/index.php?rest_route=\/wp\/v2\/pages"}],"about":[{"href":"https:\/\/buddharashmi.org\/index.php?rest_route=\/wp\/v2\/types\/page"}],"author":[{"embeddable":true,"href":"https:\/\/buddharashmi.org\/index.php?rest_route=\/wp\/v2\/users\/1"}],"replies":[{"embeddable":true,"href":"https:\/\/buddharashmi.org\/index.php?rest_route=%2Fwp%2Fv2%2Fcomments&post=354"}],"version-history":[{"count":5,"href":"https:\/\/buddharashmi.org\/index.php?rest_route=\/wp\/v2\/pages\/354\/revisions"}],"predecessor-version":[{"id":428,"href":"https:\/\/buddharashmi.org\/index.php?rest_route=\/wp\/v2\/pages\/354\/revisions\/428"}],"wp:attachment":[{"href":"https:\/\/buddharashmi.org\/index.php?rest_route=%2Fwp%2Fv2%2Fmedia&parent=354"}],"curies":[{"name":"wp","href":"https:\/\/api.w.org\/{rel}","templated":true}]}}